{"id":25166,"date":"2020-07-04T23:02:47","date_gmt":"2020-07-04T22:02:47","guid":{"rendered":"https:\/\/da-ath.nl\/?page_id=25166"},"modified":"2025-11-20T11:44:47","modified_gmt":"2025-11-20T10:44:47","slug":"wat-is-israel","status":"publish","type":"page","link":"https:\/\/da-ath.nl\/?page_id=25166","title":{"rendered":"Isra\u00ebl"},"content":{"rendered":"\n<h3 style=\"font-size: 16px;\">Diverse studies<\/h3>\n<table border=\"0\" width=\"100%\" cellspacing=\"0\" cellpadding=\"0\">\n<tbody>\n<tr>\n<th>Titel<\/th>\n<th width=\"90\">Datum<\/th>\n<th>\u00a0<\/th>\n<th>\u00a0<\/th>\n<th>\u00a0<\/th>\n<\/tr>\n<tr>\n<td><a href=\"http:\/\/www.da-ath.nl\/?p=21699\" target=\"_blank\" rel=\"noopener noreferrer\">Wat is Isra\u00ebl? -1- deel A<\/a><\/td>\n<td>21-09-2018<\/td>\n<td align=\"center\"><a title=\"Download bestand\" href=\"\/wp-content\/downloader.php?d=\/Soest1DGA21092018.mp3\" target=\"_blank\" rel=\"noopener noreferrer\"><img decoding=\"async\" src=\"\/wp-content\/images\/download.png\" alt=\"download\" width=\"24\" \/><\/a><\/td>\n<td align=\"center\"><a title=\"Luister online\" href=\"http:\/\/www.da-ath.nl\/wp-content\/uploads\/Soest1DGA21092018.mp3\" target=\"_blank\" rel=\"noopener noreferrer\"><img decoding=\"async\" src=\"\/wp-content\/images\/play.png\" alt=\"Luister online\" width=\"24\" \/> <\/a><\/td>\n<td align=\"center\"><a title=\"Bekijk powerpoint\" href=\"http:\/\/www.slideshare.net\/slideshow\/embed_code\/115866000\" target=\"_blank\" rel=\"noopener noreferrer\"><img decoding=\"async\" src=\"\/wp-content\/images\/powerpoint-icon.png\" alt=\"powerpoint\" \/><\/a><\/td>\n<\/tr>\n<tr>\n<td><a href=\"http:\/\/www.da-ath.nl\/?p=21699\" target=\"_blank\" rel=\"noopener noreferrer\">Wat is Isra\u00ebl? -1- deel B<\/a><\/td>\n<td>21-09-2018<\/td>\n<td align=\"center\"><a title=\"Download bestand\" href=\"\/wp-content\/downloader.php?d=\/Soest1DGB21092018.mp3\" target=\"_blank\" rel=\"noopener noreferrer\"><img decoding=\"async\" src=\"\/wp-content\/images\/download.png\" alt=\"download\" width=\"24\" \/><\/a><\/td>\n<td align=\"center\"><a title=\"Luister online\" href=\"http:\/\/www.da-ath.nl\/wp-content\/uploads\/Soest1DGB21092018.mp3\" target=\"_blank\" rel=\"noopener noreferrer\"><img decoding=\"async\" src=\"\/wp-content\/images\/play.png\" alt=\"Luister online\" width=\"24\" \/> <\/a><\/td>\n<td align=\"center\"><a title=\"Bekijk powerpoint\" href=\"http:\/\/www.slideshare.net\/slideshow\/embed_code\/115866000\" target=\"_blank\" rel=\"noopener noreferrer\"><img decoding=\"async\" src=\"\/wp-content\/images\/powerpoint-icon.png\" alt=\"powerpoint\" \/><\/a><\/td>\n<\/tr>\n<tr>\n<td><a href=\"http:\/\/www.da-ath.nl\/?p=21884\" target=\"_blank\" rel=\"noopener noreferrer\">Wat is Isra\u00ebl? -2- deel A<\/a><\/td>\n<td>19-10-2018<\/td>\n<td align=\"center\"><a title=\"Download bestand\" href=\"\/wp-content\/downloader.php?d=\/Soest2DGA19102018.mp3\" target=\"_blank\" rel=\"noopener noreferrer\"><img decoding=\"async\" src=\"\/wp-content\/images\/download.png\" alt=\"download\" width=\"24\" \/><\/a><\/td>\n<td align=\"center\"><a title=\"Luister online\" href=\"http:\/\/www.da-ath.nl\/wp-content\/uploads\/Soest2DGA19102018.mp3\" target=\"_blank\" rel=\"noopener noreferrer\"><img decoding=\"async\" src=\"\/wp-content\/images\/play.png\" alt=\"Luister online\" width=\"24\" \/> <\/a><\/td>\n<td align=\"center\"><a title=\"Bekijk powerpoint\" href=\"http:\/\/www.slideshare.net\/slideshow\/embed_code\/120067329\" target=\"_blank\" rel=\"noopener noreferrer\"><img decoding=\"async\" src=\"\/wp-content\/images\/powerpoint-icon.png\" alt=\"powerpoint\" \/><\/a><\/td>\n<\/tr>\n<tr>\n<td><a href=\"http:\/\/www.da-ath.nl\/?p=21884\" target=\"_blank\" rel=\"noopener noreferrer\">Wat is Isra\u00ebl? -2- deel B<\/a><\/td>\n<td>19-10-2018<\/td>\n<td align=\"center\"><a title=\"Download bestand\" href=\"\/wp-content\/downloader.php?d=\/Soest2DGB19102018.mp3\" target=\"_blank\" rel=\"noopener noreferrer\"><img decoding=\"async\" src=\"\/wp-content\/images\/download.png\" alt=\"download\" width=\"24\" \/><\/a><\/td>\n<td align=\"center\"><a title=\"Luister online\" href=\"http:\/\/www.da-ath.nl\/wp-content\/uploads\/Soest2DGB19102018.mp3\" target=\"_blank\" rel=\"noopener noreferrer\"><img decoding=\"async\" src=\"\/wp-content\/images\/play.png\" alt=\"Luister online\" width=\"24\" \/> <\/a><\/td>\n<td align=\"center\"><a title=\"Bekijk powerpoint\" href=\"http:\/\/www.slideshare.net\/slideshow\/embed_code\/120067329\" target=\"_blank\" rel=\"noopener noreferrer\"><img decoding=\"async\" src=\"\/wp-content\/images\/powerpoint-icon.png\" alt=\"powerpoint\" \/><\/a><\/td>\n<\/tr>\n<tr>\n<\/tbody>\n<\/table>\n\n\n\n<p><\/p>\n","protected":false},"excerpt":{"rendered":"<p>Diverse studies Titel Datum \u00a0 \u00a0 \u00a0 Wat is Isra\u00ebl? -1- deel A 21-09-2018 Wat is Isra\u00ebl? -1- deel B 21-09-2018 Wat is Isra\u00ebl? -2- deel A 19-10-2018 Wat is Isra\u00ebl? -2- deel B 19-10-2018<\/p>\n","protected":false},"author":1,"featured_media":0,"parent":0,"menu_order":0,"comment_status":"closed","ping_status":"closed","template":"","meta":{"footnotes":""},"class_list":["post-25166","page","type-page","status-publish","hentry"],"yoast_head":"<!-- This site is optimized with the Yoast SEO plugin v26.3 - https:\/\/yoast.com\/wordpress\/plugins\/seo\/ -->\n<title>Isra\u00ebl - Opdat wij weten, wat God ons in genade schenkt!<\/title>\n<meta name=\"robots\" content=\"index, follow, max-snippet:-1, max-image-preview:large, max-video-preview:-1\" \/>\n<link rel=\"canonical\" href=\"https:\/\/da-ath.nl\/?page_id=25166\" \/>\n<meta property=\"og:locale\" content=\"nl_NL\" \/>\n<meta property=\"og:type\" content=\"article\" \/>\n<meta property=\"og:title\" content=\"Isra\u00ebl - Opdat wij weten, wat God ons in genade schenkt!\" \/>\n<meta property=\"og:description\" content=\"Diverse studies Titel Datum \u00a0 \u00a0 \u00a0 Wat is Isra\u00ebl? -1- deel A 21-09-2018 Wat is Isra\u00ebl? -1- deel B 21-09-2018 Wat is Isra\u00ebl? -2- deel A 19-10-2018 Wat is Isra\u00ebl? -2- deel B 19-10-2018\" \/>\n<meta property=\"og:url\" content=\"https:\/\/da-ath.nl\/?page_id=25166\" \/>\n<meta property=\"og:site_name\" content=\"Opdat wij weten, wat God ons in genade schenkt!\" \/>\n<meta property=\"article:modified_time\" content=\"2025-11-20T10:44:47+00:00\" \/>\n<meta name=\"twitter:card\" content=\"summary_large_image\" \/>\n<meta name=\"twitter:label1\" content=\"Geschatte leestijd\" \/>\n\t<meta name=\"twitter:data1\" content=\"3 minuten\" \/>\n<script type=\"application\/ld+json\" class=\"yoast-schema-graph\">{\"@context\":\"https:\/\/schema.org\",\"@graph\":[{\"@type\":\"WebPage\",\"@id\":\"https:\/\/da-ath.nl\/?page_id=25166\",\"url\":\"https:\/\/da-ath.nl\/?page_id=25166\",\"name\":\"Isra\u00ebl - Opdat wij weten, wat God ons in genade schenkt!\",\"isPartOf\":{\"@id\":\"https:\/\/da-ath.nl\/#website\"},\"datePublished\":\"2020-07-04T22:02:47+00:00\",\"dateModified\":\"2025-11-20T10:44:47+00:00\",\"breadcrumb\":{\"@id\":\"https:\/\/da-ath.nl\/?page_id=25166#breadcrumb\"},\"inLanguage\":\"nl-NL\",\"potentialAction\":[{\"@type\":\"ReadAction\",\"target\":[\"https:\/\/da-ath.nl\/?page_id=25166\"]}]},{\"@type\":\"BreadcrumbList\",\"@id\":\"https:\/\/da-ath.nl\/?page_id=25166#breadcrumb\",\"itemListElement\":[{\"@type\":\"ListItem\",\"position\":1,\"name\":\"Home\",\"item\":\"https:\/\/da-ath.nl\/\"},{\"@type\":\"ListItem\",\"position\":2,\"name\":\"Isra\u00ebl\"}]},{\"@type\":\"WebSite\",\"@id\":\"https:\/\/da-ath.nl\/#website\",\"url\":\"https:\/\/da-ath.nl\/\",\"name\":\"Opdat wij weten, wat God ons in genade schenkt!\",\"description\":\"Gods woord is leven\",\"potentialAction\":[{\"@type\":\"SearchAction\",\"target\":{\"@type\":\"EntryPoint\",\"urlTemplate\":\"https:\/\/da-ath.nl\/?s={search_term_string}\"},\"query-input\":{\"@type\":\"PropertyValueSpecification\",\"valueRequired\":true,\"valueName\":\"search_term_string\"}}],\"inLanguage\":\"nl-NL\"}]}<\/script>\n<!-- \/ Yoast SEO plugin. -->","yoast_head_json":{"title":"Isra\u00ebl - Opdat wij weten, wat God ons in genade schenkt!","robots":{"index":"index","follow":"follow","max-snippet":"max-snippet:-1","max-image-preview":"max-image-preview:large","max-video-preview":"max-video-preview:-1"},"canonical":"https:\/\/da-ath.nl\/?page_id=25166","og_locale":"nl_NL","og_type":"article","og_title":"Isra\u00ebl - Opdat wij weten, wat God ons in genade schenkt!","og_description":"Diverse studies Titel Datum \u00a0 \u00a0 \u00a0 Wat is Isra\u00ebl? -1- deel A 21-09-2018 Wat is Isra\u00ebl? -1- deel B 21-09-2018 Wat is Isra\u00ebl? -2- deel A 19-10-2018 Wat is Isra\u00ebl? -2- deel B 19-10-2018","og_url":"https:\/\/da-ath.nl\/?page_id=25166","og_site_name":"Opdat wij weten, wat God ons in genade schenkt!","article_modified_time":"2025-11-20T10:44:47+00:00","twitter_card":"summary_large_image","twitter_misc":{"Geschatte leestijd":"3 minuten"},"schema":{"@context":"https:\/\/schema.org","@graph":[{"@type":"WebPage","@id":"https:\/\/da-ath.nl\/?page_id=25166","url":"https:\/\/da-ath.nl\/?page_id=25166","name":"Isra\u00ebl - Opdat wij weten, wat God ons in genade schenkt!","isPartOf":{"@id":"https:\/\/da-ath.nl\/#website"},"datePublished":"2020-07-04T22:02:47+00:00","dateModified":"2025-11-20T10:44:47+00:00","breadcrumb":{"@id":"https:\/\/da-ath.nl\/?page_id=25166#breadcrumb"},"inLanguage":"nl-NL","potentialAction":[{"@type":"ReadAction","target":["https:\/\/da-ath.nl\/?page_id=25166"]}]},{"@type":"BreadcrumbList","@id":"https:\/\/da-ath.nl\/?page_id=25166#breadcrumb","itemListElement":[{"@type":"ListItem","position":1,"name":"Home","item":"https:\/\/da-ath.nl\/"},{"@type":"ListItem","position":2,"name":"Isra\u00ebl"}]},{"@type":"WebSite","@id":"https:\/\/da-ath.nl\/#website","url":"https:\/\/da-ath.nl\/","name":"Opdat wij weten, wat God ons in genade schenkt!","description":"Gods woord is leven","potentialAction":[{"@type":"SearchAction","target":{"@type":"EntryPoint","urlTemplate":"https:\/\/da-ath.nl\/?s={search_term_string}"},"query-input":{"@type":"PropertyValueSpecification","valueRequired":true,"valueName":"search_term_string"}}],"inLanguage":"nl-NL"}]}},"_links":{"self":[{"href":"https:\/\/da-ath.nl\/index.php?rest_route=\/wp\/v2\/pages\/25166","targetHints":{"allow":["GET"]}}],"collection":[{"href":"https:\/\/da-ath.nl\/index.php?rest_route=\/wp\/v2\/pages"}],"about":[{"href":"https:\/\/da-ath.nl\/index.php?rest_route=\/wp\/v2\/types\/page"}],"author":[{"embeddable":true,"href":"https:\/\/da-ath.nl\/index.php?rest_route=\/wp\/v2\/users\/1"}],"replies":[{"embeddable":true,"href":"https:\/\/da-ath.nl\/index.php?rest_route=%2Fwp%2Fv2%2Fcomments&post=25166"}],"version-history":[{"count":6,"href":"https:\/\/da-ath.nl\/index.php?rest_route=\/wp\/v2\/pages\/25166\/revisions"}],"predecessor-version":[{"id":35056,"href":"https:\/\/da-ath.nl\/index.php?rest_route=\/wp\/v2\/pages\/25166\/revisions\/35056"}],"wp:attachment":[{"href":"https:\/\/da-ath.nl\/index.php?rest_route=%2Fwp%2Fv2%2Fmedia&parent=25166"}],"curies":[{"name":"wp","href":"https:\/\/api.w.org\/{rel}","templated":true}]}}