{"id":30722,"date":"2023-07-02T21:33:06","date_gmt":"2023-07-02T20:33:06","guid":{"rendered":"https:\/\/da-ath.nl\/?page_id=30722"},"modified":"2025-03-04T10:44:09","modified_gmt":"2025-03-04T09:44:09","slug":"het-geloof-van-1","status":"publish","type":"page","link":"https:\/\/da-ath.nl\/?page_id=30722","title":{"rendered":"Geloof van Abraham, Jozef, Dani\u00ebl (1,2), Job, Jezus Christus (1,2,3)"},"content":{"rendered":"\n<iframe loading=\"lazy\" src=\"https:\/\/www.slideshare.net\/slideshow\/embed_code\/key\/aWXfYB6318RFuJ?startSlide=1\" width=\"344\" height=\"292\" frameborder=\"0\" marginwidth=\"0\" marginheight=\"0\" scrolling=\"no\" style=\"border:1px solid #CCC; border-width:1px; margin-bottom:5px;max-width: 100%;\" allowfullscreen=\"\"><\/iframe><div style=\"margin-bottom:5px\"><\/div>\n\n\n\n<p class=\"has-text-color\" style=\"color:#0046a3\">Het geloof van .. is wat God&nbsp;<br>in deze tijd geeft als basis in<br>het evangelie van Zijn Zoon.&nbsp;<br>Naluisteren:&nbsp;<a href=\"https:\/\/da-ath.nl\/wp-content\/uploads\/20230702EHDGeloof1x.mp3\" target=\"_blank\" rel=\"noreferrer noopener\">HIER<\/a><\/p>\n\n\n\n<iframe loading=\"lazy\" src=\"\/\/www.slideshare.net\/slideshow\/embed_code\/key\/5qZxcF80V4dTuO\" width=\"340\" height=\"290\" frameborder=\"0\" marginwidth=\"0\" marginheight=\"0\" scrolling=\"no\" style=\"border:1px solid #CCC; border-width:1px; margin-bottom:5px; max-width: 100%;\" allowfullscreen=\"\"> <\/iframe> <div style=\"margin-bottom:5px\"> <strong><\/strong><\/div>\n\n\n\n<p class=\"has-text-color\" style=\"color:#0046a3\">Het geloof van Jozef. <br>Naluisteren:&nbsp;<a href=\"https:\/\/da-ath.nl\/wp-content\/uploads\/20230723EHDGeloof2.mp3\" target=\"_blank\" rel=\"noreferrer noopener\">HIER<\/a><\/p>\n\n\n\n<iframe loading=\"lazy\" src=\"https:\/\/www.slideshare.net\/slideshow\/embed_code\/key\/Cqdz4GtH0H54Z9?startSlide=1\" width=\"344\" height=\"292\" frameborder=\"0\" marginwidth=\"0\" marginheight=\"0\" scrolling=\"no\" style=\"border:1px solid #CCC; border-width:1px; margin-bottom:5px;max-width: 100%;\" allowfullscreen=\"\"><\/iframe><div style=\"margin-bottom:5px\"><\/div>\n\n\n\n<p class=\"has-text-color\" style=\"color:#0046a3\">Het geloof van Dani\u00ebl.<br>Naluisteren: <a href=\"https:\/\/da-ath.nl\/wp-content\/uploads\/20230827Geloof3x.mp3\" target=\"_blank\" rel=\"noreferrer noopener\">HIER<\/a><\/p>\n\n\n\n<iframe loading=\"lazy\" src=\"https:\/\/www.slideshare.net\/slideshow\/embed_code\/key\/w6HR9NVfSLJDt1?startSlide=1\" width=\"344\" height=\"292\" frameborder=\"0\" marginwidth=\"0\" marginheight=\"0\" scrolling=\"no\" style=\"border:1px solid #CCC; border-width:1px; margin-bottom:5px;max-width: 100%;\" allowfullscreen=\"\"><\/iframe><div style=\"margin-bottom:5px\"><strong><\/strong><\/div>\n\n\n\n<p class=\"has-text-color\" style=\"color:#0046a3\">Het geloof van Dani\u00ebl (2), verkenning<br>in Dani\u00ebl 7, een bijzondere profetie.<br>Naluisteren:  <a href=\"https:\/\/da-ath.nl\/wp-content\/uploads\/20230917Geloof4x.mp3\" target=\"_blank\" rel=\"noreferrer noopener\">HIER<\/a><\/p>\n\n\n\n<p class=\"has-text-color\" style=\"color:#0046a3\"><p style=\"padding-left:10px;\">File Name: 20231029Hetgeloofvan5x-2.pptx<\/p>            <div class=\"ppv_wrapper ppv_container\" style=\"position: relative;width:68%; height:400px;\">\n                <div class=\"ppv-loading\">PDF Loading...<\/div>\n                <iframe id=\"s_pdf_frame\" src=\"\/\/docs.google.com\/gview?embedded=true&#038;url=https:\/\/da-ath.nl\/wp-content\/uploads\/2023\/10\/20231029Hetgeloofvan5x-2.pptx\" style=\"float:left; padding:10px;width:68%; height:400px;\" frameborder=\"0\"><\/iframe>\n                            <\/div>\n            \n            <br><br>Het geloof van Job, die raakte alles <br>kwijt, door lijden heen, God gaf veel.<br>Naluisteren: <a href=\"https:\/\/da-ath.nl\/wp-content\/uploads\/20231029hetgeloof5.mp3\" target=\"_blank\" rel=\"noreferrer noopener\">HIER<\/a><\/p>\n\n\n\n<iframe loading=\"lazy\" src=\"https:\/\/www.slideshare.net\/slideshow\/embed_code\/key\/r9AFD4IM23mW09?startSlide=1\" width=\"344\" height=\"292\" frameborder=\"0\" marginwidth=\"0\" marginheight=\"0\" scrolling=\"no\" style=\"border:1px solid #CCC; border-width:1px; margin-bottom:5px;max-width: 100%;\" allowfullscreen=\"\"><\/iframe><div style=\"margin-bottom:5px\"><\/div>\n\n\n\n<p class=\"has-text-color\" style=\"color:#0046a3\">Het geloof van Jezus Christus (I) was<br>bepalend voor de mensheid. Wat ging <br>vooraf en hoe ontwikkelde dat zich?<br>Naluisteren: <a href=\"https:\/\/da-ath.nl\/wp-content\/uploads\/20231105hetgeloofvan6.mp3\" target=\"_blank\" rel=\"noreferrer noopener\">HIER<\/a><\/p>\n\n\n\n<iframe loading=\"lazy\" src=\"https:\/\/www.slideshare.net\/slideshow\/embed_code\/key\/u7wqmj4ha214no?startSlide=1\" width=\"344\" height=\"292\" frameborder=\"0\" marginwidth=\"0\" marginheight=\"0\" scrolling=\"no\" style=\"border:1px solid #CCC; border-width:1px; margin-bottom:5px;max-width: 100%;\" allowfullscreen><\/iframe><div style=\"margin-bottom:5px\">\n\n\n\n<p class=\"has-text-color\" style=\"color:#0046a3\"><meta charset=\"utf-8\">Het geloof van Jezus Christus (II).<br>Opnieuw kijken we naar Zijn geloof, <br>dat beslissend was voor de redding.<br>Naluisteren: <a href=\"https:\/\/da-ath.nl\/wp-content\/uploads\/20231203Geloof7x.mp3\" target=\"_blank\" rel=\"noreferrer noopener\">HIER<\/a><\/p>\n\n\n\n<iframe loading=\"lazy\" src=\"https:\/\/www.slideshare.net\/slideshow\/embed_code\/key\/1Gsg7HcNReR1r6?startSlide=1\" width=\"344\" height=\"292\" frameborder=\"0\" marginwidth=\"0\" marginheight=\"0\" scrolling=\"no\" style=\"border:1px solid #CCC; border-width:1px; margin-bottom:5px;max-width: 100%;\" allowfullscreen><\/iframe><div style=\"margin-bottom:5px\">\n\n\n\n<p class=\"has-text-color has-link-color wp-elements-e3da4755c48c0b5f6e1c1be6e83390c6\" style=\"color:#0046a3\">Het geloof van Jezus Christus (III) <br>is deel 8 in de serie over &#8216;het geloof<br>van&#8217; &#8230;.. Naluisteren:   <a href=\"https:\/\/da-ath.nl\/wp-content\/uploads\/20240701GeloofvanChristusIIIx.mp3\">HIER<\/a><\/p>\n\n\n\n<p><\/p>\n","protected":false},"excerpt":{"rendered":"<p>Het geloof van .. is wat God&nbsp;in deze tijd geeft als basis inhet evangelie van Zijn Zoon.&nbsp;Naluisteren:&nbsp;HIER Het geloof van Jozef. Naluisteren:&nbsp;HIER Het geloof van Dani\u00ebl.Naluisteren: HIER Het geloof van Dani\u00ebl (2), verkenningin Dani\u00ebl 7, een bijzondere profetie.Naluisteren: HIER Het geloof van Job, die raakte alles kwijt, door lijden heen, God gaf veel.Naluisteren: HIER Het [&hellip;]<\/p>\n","protected":false},"author":1,"featured_media":0,"parent":0,"menu_order":0,"comment_status":"closed","ping_status":"closed","template":"","meta":{"footnotes":""},"class_list":["post-30722","page","type-page","status-publish","hentry"],"yoast_head":"<!-- This site is optimized with the Yoast SEO plugin v26.3 - https:\/\/yoast.com\/wordpress\/plugins\/seo\/ -->\n<title>Geloof van Abraham, Jozef, Dani\u00ebl (1,2), Job, Jezus Christus (1,2,3) - Opdat wij weten, wat God ons in genade schenkt!<\/title>\n<meta name=\"robots\" content=\"index, follow, max-snippet:-1, max-image-preview:large, max-video-preview:-1\" \/>\n<link rel=\"canonical\" href=\"https:\/\/da-ath.nl\/?page_id=30722\" \/>\n<meta property=\"og:locale\" content=\"nl_NL\" \/>\n<meta property=\"og:type\" content=\"article\" \/>\n<meta property=\"og:title\" content=\"Geloof van Abraham, Jozef, Dani\u00ebl (1,2), Job, Jezus Christus (1,2,3) - Opdat wij weten, wat God ons in genade schenkt!\" \/>\n<meta property=\"og:description\" content=\"Het geloof van .. is wat God&nbsp;in deze tijd geeft als basis inhet evangelie van Zijn Zoon.&nbsp;Naluisteren:&nbsp;HIER Het geloof van Jozef. Naluisteren:&nbsp;HIER Het geloof van Dani\u00ebl.Naluisteren: HIER Het geloof van Dani\u00ebl (2), verkenningin Dani\u00ebl 7, een bijzondere profetie.Naluisteren: HIER Het geloof van Job, die raakte alles kwijt, door lijden heen, God gaf veel.Naluisteren: HIER Het [&hellip;]\" \/>\n<meta property=\"og:url\" content=\"https:\/\/da-ath.nl\/?page_id=30722\" \/>\n<meta property=\"og:site_name\" content=\"Opdat wij weten, wat God ons in genade schenkt!\" \/>\n<meta property=\"article:modified_time\" content=\"2025-03-04T09:44:09+00:00\" \/>\n<meta name=\"twitter:card\" content=\"summary_large_image\" \/>\n<meta name=\"twitter:label1\" content=\"Geschatte leestijd\" \/>\n\t<meta name=\"twitter:data1\" content=\"1 minuut\" \/>\n<script type=\"application\/ld+json\" class=\"yoast-schema-graph\">{\"@context\":\"https:\/\/schema.org\",\"@graph\":[{\"@type\":\"WebPage\",\"@id\":\"https:\/\/da-ath.nl\/?page_id=30722\",\"url\":\"https:\/\/da-ath.nl\/?page_id=30722\",\"name\":\"Geloof van Abraham, Jozef, Dani\u00ebl (1,2), Job, Jezus Christus (1,2,3) - Opdat wij weten, wat God ons in genade schenkt!\",\"isPartOf\":{\"@id\":\"https:\/\/da-ath.nl\/#website\"},\"datePublished\":\"2023-07-02T20:33:06+00:00\",\"dateModified\":\"2025-03-04T09:44:09+00:00\",\"breadcrumb\":{\"@id\":\"https:\/\/da-ath.nl\/?page_id=30722#breadcrumb\"},\"inLanguage\":\"nl-NL\",\"potentialAction\":[{\"@type\":\"ReadAction\",\"target\":[\"https:\/\/da-ath.nl\/?page_id=30722\"]}]},{\"@type\":\"BreadcrumbList\",\"@id\":\"https:\/\/da-ath.nl\/?page_id=30722#breadcrumb\",\"itemListElement\":[{\"@type\":\"ListItem\",\"position\":1,\"name\":\"Home\",\"item\":\"https:\/\/da-ath.nl\/\"},{\"@type\":\"ListItem\",\"position\":2,\"name\":\"Geloof van Abraham, Jozef, Dani\u00ebl (1,2), Job, Jezus Christus (1,2,3)\"}]},{\"@type\":\"WebSite\",\"@id\":\"https:\/\/da-ath.nl\/#website\",\"url\":\"https:\/\/da-ath.nl\/\",\"name\":\"Opdat wij weten, wat God ons in genade schenkt!\",\"description\":\"Gods woord is leven\",\"potentialAction\":[{\"@type\":\"SearchAction\",\"target\":{\"@type\":\"EntryPoint\",\"urlTemplate\":\"https:\/\/da-ath.nl\/?s={search_term_string}\"},\"query-input\":{\"@type\":\"PropertyValueSpecification\",\"valueRequired\":true,\"valueName\":\"search_term_string\"}}],\"inLanguage\":\"nl-NL\"}]}<\/script>\n<!-- \/ Yoast SEO plugin. -->","yoast_head_json":{"title":"Geloof van Abraham, Jozef, Dani\u00ebl (1,2), Job, Jezus Christus (1,2,3) - Opdat wij weten, wat God ons in genade schenkt!","robots":{"index":"index","follow":"follow","max-snippet":"max-snippet:-1","max-image-preview":"max-image-preview:large","max-video-preview":"max-video-preview:-1"},"canonical":"https:\/\/da-ath.nl\/?page_id=30722","og_locale":"nl_NL","og_type":"article","og_title":"Geloof van Abraham, Jozef, Dani\u00ebl (1,2), Job, Jezus Christus (1,2,3) - Opdat wij weten, wat God ons in genade schenkt!","og_description":"Het geloof van .. is wat God&nbsp;in deze tijd geeft als basis inhet evangelie van Zijn Zoon.&nbsp;Naluisteren:&nbsp;HIER Het geloof van Jozef. Naluisteren:&nbsp;HIER Het geloof van Dani\u00ebl.Naluisteren: HIER Het geloof van Dani\u00ebl (2), verkenningin Dani\u00ebl 7, een bijzondere profetie.Naluisteren: HIER Het geloof van Job, die raakte alles kwijt, door lijden heen, God gaf veel.Naluisteren: HIER Het [&hellip;]","og_url":"https:\/\/da-ath.nl\/?page_id=30722","og_site_name":"Opdat wij weten, wat God ons in genade schenkt!","article_modified_time":"2025-03-04T09:44:09+00:00","twitter_card":"summary_large_image","twitter_misc":{"Geschatte leestijd":"1 minuut"},"schema":{"@context":"https:\/\/schema.org","@graph":[{"@type":"WebPage","@id":"https:\/\/da-ath.nl\/?page_id=30722","url":"https:\/\/da-ath.nl\/?page_id=30722","name":"Geloof van Abraham, Jozef, Dani\u00ebl (1,2), Job, Jezus Christus (1,2,3) - Opdat wij weten, wat God ons in genade schenkt!","isPartOf":{"@id":"https:\/\/da-ath.nl\/#website"},"datePublished":"2023-07-02T20:33:06+00:00","dateModified":"2025-03-04T09:44:09+00:00","breadcrumb":{"@id":"https:\/\/da-ath.nl\/?page_id=30722#breadcrumb"},"inLanguage":"nl-NL","potentialAction":[{"@type":"ReadAction","target":["https:\/\/da-ath.nl\/?page_id=30722"]}]},{"@type":"BreadcrumbList","@id":"https:\/\/da-ath.nl\/?page_id=30722#breadcrumb","itemListElement":[{"@type":"ListItem","position":1,"name":"Home","item":"https:\/\/da-ath.nl\/"},{"@type":"ListItem","position":2,"name":"Geloof van Abraham, Jozef, Dani\u00ebl (1,2), Job, Jezus Christus (1,2,3)"}]},{"@type":"WebSite","@id":"https:\/\/da-ath.nl\/#website","url":"https:\/\/da-ath.nl\/","name":"Opdat wij weten, wat God ons in genade schenkt!","description":"Gods woord is leven","potentialAction":[{"@type":"SearchAction","target":{"@type":"EntryPoint","urlTemplate":"https:\/\/da-ath.nl\/?s={search_term_string}"},"query-input":{"@type":"PropertyValueSpecification","valueRequired":true,"valueName":"search_term_string"}}],"inLanguage":"nl-NL"}]}},"_links":{"self":[{"href":"https:\/\/da-ath.nl\/index.php?rest_route=\/wp\/v2\/pages\/30722","targetHints":{"allow":["GET"]}}],"collection":[{"href":"https:\/\/da-ath.nl\/index.php?rest_route=\/wp\/v2\/pages"}],"about":[{"href":"https:\/\/da-ath.nl\/index.php?rest_route=\/wp\/v2\/types\/page"}],"author":[{"embeddable":true,"href":"https:\/\/da-ath.nl\/index.php?rest_route=\/wp\/v2\/users\/1"}],"replies":[{"embeddable":true,"href":"https:\/\/da-ath.nl\/index.php?rest_route=%2Fwp%2Fv2%2Fcomments&post=30722"}],"version-history":[{"count":22,"href":"https:\/\/da-ath.nl\/index.php?rest_route=\/wp\/v2\/pages\/30722\/revisions"}],"predecessor-version":[{"id":33604,"href":"https:\/\/da-ath.nl\/index.php?rest_route=\/wp\/v2\/pages\/30722\/revisions\/33604"}],"wp:attachment":[{"href":"https:\/\/da-ath.nl\/index.php?rest_route=%2Fwp%2Fv2%2Fmedia&parent=30722"}],"curies":[{"name":"wp","href":"https:\/\/api.w.org\/{rel}","templated":true}]}}