{"id":34046,"date":"2025-05-04T14:11:51","date_gmt":"2025-05-04T13:11:51","guid":{"rendered":"https:\/\/da-ath.nl\/?page_id=34046"},"modified":"2025-05-18T23:28:14","modified_gmt":"2025-05-18T22:28:14","slug":"eindtijd","status":"publish","type":"page","link":"https:\/\/da-ath.nl\/?page_id=34046","title":{"rendered":"Eindtijd?"},"content":{"rendered":"\n<iframe loading=\"lazy\" src=\"https:\/\/www.slideshare.net\/slideshow\/embed_code\/key\/uAiihj4oSD7NM2?startSlide=1\" width=\"344\" height=\"292\" frameborder=\"0\" marginwidth=\"0\" marginheight=\"0\" scrolling=\"no\" style=\"border:1px solid #CCC; border-width:1px; margin-bottom:5px;max-width: 100%;\" allowfullscreen><\/iframe><div style=\"margin-bottom:5px\">\n\n\n\n<p class=\"has-text-color has-link-color wp-elements-53b484f1344d6f810967b01875e48c06\" style=\"color:#0046a3\">In Dani\u00ebl 7 zag de profeet iets <br> bijzonders; in afwijking van wat<br> Nebukadnezar droomde, ontving<br> Dani\u00ebl een heel ander visioen.<br> Naluisteren: <a href=\"https:\/\/da-ath.nl\/wp-content\/uploads\/20250427THBDan7x.mp3\" target=\"_blank\" rel=\"noreferrer noopener\">HIER<\/a><\/p>\n\n\n\n<iframe loading=\"lazy\" src=\"https:\/\/www.slideshare.net\/slideshow\/embed_code\/key\/1BH8Bg6Vc9BZJa?startSlide=1\" width=\"344\" height=\"292\" frameborder=\"0\" marginwidth=\"0\" marginheight=\"0\" scrolling=\"no\" style=\"border:1px solid #CCC; border-width:1px; margin-bottom:5px;max-width: 100%;\" allowfullscreen><\/iframe><div style=\"margin-bottom:5px\">\n\n\n\n<p class=\"has-text-color has-link-color wp-elements-c79014d0ae6f73c213ce41cddd564959\" style=\"color:#0046a3\">In Dani\u00ebl 8 gaat het vooral om de <br>kleine hoorn die groot wordt en die<br>zelfs tegen Isra\u00ebl overwint, voor een<br>zekere tijd. Wat is aan de hand in <br>onze dagen en wanneer is het eindtijd?<br>Naluisteren: <a href=\"https:\/\/da-ath.nl\/wp-content\/uploads\/20250504Eindtijdx.mp3\" target=\"_blank\" rel=\"noreferrer noopener\">HIER<\/a><\/p>\n\n\n\n<iframe loading=\"lazy\" src=\"https:\/\/www.slideshare.net\/slideshow\/embed_code\/key\/e8HZiPoRyWodpz?startSlide=1\" width=\"344\" height=\"292\" frameborder=\"0\" marginwidth=\"0\" marginheight=\"0\" scrolling=\"no\" style=\"border:1px solid #CCC; border-width:1px; margin-bottom:5px;max-width: 100%;\" allowfullscreen><\/iframe> <div style=\"margin-bottom:5px\">\n\n\n\n<p class=\"has-text-color has-link-color wp-elements-dee81f0fe77ceecba8f980cfa276736c\" style=\"color:#0046a3\">Opnieuw werd een aantal aspecten<br>van de naderende eindtijd besproken.<br>Wie zijn de 2 getuigen?<br>Wie zijn het die zeggen dat zij Joden<br>zijn, maar zijn het niet?<br>Hoe ziet de wetteloze er uit, hoe komt<br>deze op het podium?<br>Naluisteren:&nbsp;<a href=\"https:\/\/da-ath.nl\/wp-content\/uploads\/20250518Eindtijd2a.mp3\" target=\"_blank\" rel=\"noreferrer noopener\">deel A&nbsp;<\/a>en&nbsp;&nbsp;<a href=\"https:\/\/da-ath.nl\/wp-content\/uploads\/20250518Eindtijd2b.mp3\" target=\"_blank\" rel=\"noreferrer noopener\">deel B<\/a><\/p>\n\n\n\n<p><\/p>\n","protected":false},"excerpt":{"rendered":"<p>In Dani\u00ebl 7 zag de profeet iets bijzonders; in afwijking van wat Nebukadnezar droomde, ontving Dani\u00ebl een heel ander visioen. Naluisteren: HIER In Dani\u00ebl 8 gaat het vooral om de kleine hoorn die groot wordt en diezelfs tegen Isra\u00ebl overwint, voor eenzekere tijd. Wat is aan de hand in onze dagen en wanneer is het [&hellip;]<\/p>\n","protected":false},"author":1,"featured_media":0,"parent":0,"menu_order":0,"comment_status":"closed","ping_status":"closed","template":"","meta":{"footnotes":""},"class_list":["post-34046","page","type-page","status-publish","hentry"],"yoast_head":"<!-- This site is optimized with the Yoast SEO plugin v26.3 - https:\/\/yoast.com\/wordpress\/plugins\/seo\/ -->\n<title>Eindtijd? - Opdat wij weten, wat God ons in genade schenkt!<\/title>\n<meta name=\"robots\" content=\"index, follow, max-snippet:-1, max-image-preview:large, max-video-preview:-1\" \/>\n<link rel=\"canonical\" href=\"https:\/\/da-ath.nl\/?page_id=34046\" \/>\n<meta property=\"og:locale\" content=\"nl_NL\" \/>\n<meta property=\"og:type\" content=\"article\" \/>\n<meta property=\"og:title\" content=\"Eindtijd? - Opdat wij weten, wat God ons in genade schenkt!\" \/>\n<meta property=\"og:description\" content=\"In Dani\u00ebl 7 zag de profeet iets bijzonders; in afwijking van wat Nebukadnezar droomde, ontving Dani\u00ebl een heel ander visioen. Naluisteren: HIER In Dani\u00ebl 8 gaat het vooral om de kleine hoorn die groot wordt en diezelfs tegen Isra\u00ebl overwint, voor eenzekere tijd. Wat is aan de hand in onze dagen en wanneer is het [&hellip;]\" \/>\n<meta property=\"og:url\" content=\"https:\/\/da-ath.nl\/?page_id=34046\" \/>\n<meta property=\"og:site_name\" content=\"Opdat wij weten, wat God ons in genade schenkt!\" \/>\n<meta property=\"article:modified_time\" content=\"2025-05-18T22:28:14+00:00\" \/>\n<meta name=\"twitter:card\" content=\"summary_large_image\" \/>\n<meta name=\"twitter:label1\" content=\"Geschatte leestijd\" \/>\n\t<meta name=\"twitter:data1\" content=\"1 minuut\" \/>\n<script type=\"application\/ld+json\" class=\"yoast-schema-graph\">{\"@context\":\"https:\/\/schema.org\",\"@graph\":[{\"@type\":\"WebPage\",\"@id\":\"https:\/\/da-ath.nl\/?page_id=34046\",\"url\":\"https:\/\/da-ath.nl\/?page_id=34046\",\"name\":\"Eindtijd? - Opdat wij weten, wat God ons in genade schenkt!\",\"isPartOf\":{\"@id\":\"https:\/\/da-ath.nl\/#website\"},\"datePublished\":\"2025-05-04T13:11:51+00:00\",\"dateModified\":\"2025-05-18T22:28:14+00:00\",\"breadcrumb\":{\"@id\":\"https:\/\/da-ath.nl\/?page_id=34046#breadcrumb\"},\"inLanguage\":\"nl-NL\",\"potentialAction\":[{\"@type\":\"ReadAction\",\"target\":[\"https:\/\/da-ath.nl\/?page_id=34046\"]}]},{\"@type\":\"BreadcrumbList\",\"@id\":\"https:\/\/da-ath.nl\/?page_id=34046#breadcrumb\",\"itemListElement\":[{\"@type\":\"ListItem\",\"position\":1,\"name\":\"Home\",\"item\":\"https:\/\/da-ath.nl\/\"},{\"@type\":\"ListItem\",\"position\":2,\"name\":\"Eindtijd?\"}]},{\"@type\":\"WebSite\",\"@id\":\"https:\/\/da-ath.nl\/#website\",\"url\":\"https:\/\/da-ath.nl\/\",\"name\":\"Opdat wij weten, wat God ons in genade schenkt!\",\"description\":\"Gods woord is leven\",\"potentialAction\":[{\"@type\":\"SearchAction\",\"target\":{\"@type\":\"EntryPoint\",\"urlTemplate\":\"https:\/\/da-ath.nl\/?s={search_term_string}\"},\"query-input\":{\"@type\":\"PropertyValueSpecification\",\"valueRequired\":true,\"valueName\":\"search_term_string\"}}],\"inLanguage\":\"nl-NL\"}]}<\/script>\n<!-- \/ Yoast SEO plugin. -->","yoast_head_json":{"title":"Eindtijd? - Opdat wij weten, wat God ons in genade schenkt!","robots":{"index":"index","follow":"follow","max-snippet":"max-snippet:-1","max-image-preview":"max-image-preview:large","max-video-preview":"max-video-preview:-1"},"canonical":"https:\/\/da-ath.nl\/?page_id=34046","og_locale":"nl_NL","og_type":"article","og_title":"Eindtijd? - Opdat wij weten, wat God ons in genade schenkt!","og_description":"In Dani\u00ebl 7 zag de profeet iets bijzonders; in afwijking van wat Nebukadnezar droomde, ontving Dani\u00ebl een heel ander visioen. Naluisteren: HIER In Dani\u00ebl 8 gaat het vooral om de kleine hoorn die groot wordt en diezelfs tegen Isra\u00ebl overwint, voor eenzekere tijd. Wat is aan de hand in onze dagen en wanneer is het [&hellip;]","og_url":"https:\/\/da-ath.nl\/?page_id=34046","og_site_name":"Opdat wij weten, wat God ons in genade schenkt!","article_modified_time":"2025-05-18T22:28:14+00:00","twitter_card":"summary_large_image","twitter_misc":{"Geschatte leestijd":"1 minuut"},"schema":{"@context":"https:\/\/schema.org","@graph":[{"@type":"WebPage","@id":"https:\/\/da-ath.nl\/?page_id=34046","url":"https:\/\/da-ath.nl\/?page_id=34046","name":"Eindtijd? - Opdat wij weten, wat God ons in genade schenkt!","isPartOf":{"@id":"https:\/\/da-ath.nl\/#website"},"datePublished":"2025-05-04T13:11:51+00:00","dateModified":"2025-05-18T22:28:14+00:00","breadcrumb":{"@id":"https:\/\/da-ath.nl\/?page_id=34046#breadcrumb"},"inLanguage":"nl-NL","potentialAction":[{"@type":"ReadAction","target":["https:\/\/da-ath.nl\/?page_id=34046"]}]},{"@type":"BreadcrumbList","@id":"https:\/\/da-ath.nl\/?page_id=34046#breadcrumb","itemListElement":[{"@type":"ListItem","position":1,"name":"Home","item":"https:\/\/da-ath.nl\/"},{"@type":"ListItem","position":2,"name":"Eindtijd?"}]},{"@type":"WebSite","@id":"https:\/\/da-ath.nl\/#website","url":"https:\/\/da-ath.nl\/","name":"Opdat wij weten, wat God ons in genade schenkt!","description":"Gods woord is leven","potentialAction":[{"@type":"SearchAction","target":{"@type":"EntryPoint","urlTemplate":"https:\/\/da-ath.nl\/?s={search_term_string}"},"query-input":{"@type":"PropertyValueSpecification","valueRequired":true,"valueName":"search_term_string"}}],"inLanguage":"nl-NL"}]}},"_links":{"self":[{"href":"https:\/\/da-ath.nl\/index.php?rest_route=\/wp\/v2\/pages\/34046","targetHints":{"allow":["GET"]}}],"collection":[{"href":"https:\/\/da-ath.nl\/index.php?rest_route=\/wp\/v2\/pages"}],"about":[{"href":"https:\/\/da-ath.nl\/index.php?rest_route=\/wp\/v2\/types\/page"}],"author":[{"embeddable":true,"href":"https:\/\/da-ath.nl\/index.php?rest_route=\/wp\/v2\/users\/1"}],"replies":[{"embeddable":true,"href":"https:\/\/da-ath.nl\/index.php?rest_route=%2Fwp%2Fv2%2Fcomments&post=34046"}],"version-history":[{"count":4,"href":"https:\/\/da-ath.nl\/index.php?rest_route=\/wp\/v2\/pages\/34046\/revisions"}],"predecessor-version":[{"id":34131,"href":"https:\/\/da-ath.nl\/index.php?rest_route=\/wp\/v2\/pages\/34046\/revisions\/34131"}],"wp:attachment":[{"href":"https:\/\/da-ath.nl\/index.php?rest_route=%2Fwp%2Fv2%2Fmedia&parent=34046"}],"curies":[{"name":"wp","href":"https:\/\/api.w.org\/{rel}","templated":true}]}}